{"id":7360,"date":"2021-04-09T09:42:54","date_gmt":"2021-04-09T09:42:54","guid":{"rendered":"https:\/\/preview.tutorlms.com\/elementor-marketplace\/?page_id=17"},"modified":"2026-02-03T21:30:33","modified_gmt":"2026-02-04T04:30:33","slug":"marketplace","status":"publish","type":"page","link":"https:\/\/privonity.com\/es\/","title":{"rendered":"Hogar"},"content":{"rendered":"<div data-elementor-type=\"wp-page\" data-elementor-id=\"7360\" class=\"elementor elementor-7360\" data-elementor-post-type=\"page\">\n\t\t\t\t\t\t<section class=\"elementor-section elementor-top-section elementor-element elementor-element-2bf3d6bd elementor-section-full_width elementor-section-height-default elementor-section-height-default\" data-id=\"2bf3d6bd\" data-element_type=\"section\" data-e-type=\"section\" data-settings=\"{&quot;background_background&quot;:&quot;classic&quot;}\">\n\t\t\t\t\t\t<div class=\"elementor-container elementor-column-gap-default\">\n\t\t\t\t\t<div class=\"elementor-column elementor-col-100 elementor-top-column elementor-element elementor-element-55ca5f24\" data-id=\"55ca5f24\" data-element_type=\"column\" data-e-type=\"column\">\n\t\t\t<div class=\"elementor-widget-wrap elementor-element-populated\">\n\t\t\t\t\t\t<div class=\"elementor-element elementor-element-6dd5d8b5 elementor-widget elementor-widget-heading\" data-id=\"6dd5d8b5\" data-element_type=\"widget\" data-e-type=\"widget\" data-widget_type=\"heading.default\">\n\t\t\t\t<div class=\"elementor-widget-container\">\n\t\t\t\t\t<h2 class=\"elementor-heading-title elementor-size-default\"><span class=\"notranslate\">Privonidad<\/span>\n<\/h2>\t\t\t\t<\/div>\n\t\t\t\t<\/div>\n\t\t\t\t<div class=\"elementor-element elementor-element-652dcfe0 elementor-widget elementor-widget-text-editor\" data-id=\"652dcfe0\" data-element_type=\"widget\" data-e-type=\"widget\" data-widget_type=\"text-editor.default\">\n\t\t\t\t<div class=\"elementor-widget-container\">\n\t\t\t\t\t\t\t\t\t<p>Una comunidad dedicada a la educaci\u00f3n sobre la privacidad.<\/p>\t\t\t\t\t\t\t\t<\/div>\n\t\t\t\t<\/div>\n\t\t\t\t\t<\/div>\n\t\t<\/div>\n\t\t\t\t\t<\/div>\n\t\t<\/section>\n\t\t\t\t<section class=\"elementor-section elementor-top-section elementor-element elementor-element-fbbaf88 elementor-section-content-middle elementor-section-full_width elementor-section-height-default elementor-section-height-default\" data-id=\"fbbaf88\" data-element_type=\"section\" data-e-type=\"section\">\n\t\t\t\t\t\t<div class=\"elementor-container elementor-column-gap-default\">\n\t\t\t\t\t<div class=\"elementor-column elementor-col-100 elementor-top-column elementor-element elementor-element-061a82c\" data-id=\"061a82c\" data-element_type=\"column\" data-e-type=\"column\">\n\t\t\t<div class=\"elementor-widget-wrap\">\n\t\t\t\t\t\t\t<\/div>\n\t\t<\/div>\n\t\t\t\t\t<\/div>\n\t\t<\/section>\n\t\t<div class=\"elementor-element elementor-element-3ed8b3f e-flex e-con-boxed e-con e-parent\" data-id=\"3ed8b3f\" data-element_type=\"container\" data-e-type=\"container\">\n\t\t\t\t\t<div class=\"e-con-inner\">\n\t\t<div class=\"elementor-element elementor-element-8530b51 e-con-full e-flex e-con e-child\" data-id=\"8530b51\" data-element_type=\"container\" data-e-type=\"container\">\n\t\t<div class=\"elementor-element elementor-element-b74ca03 e-con-full e-flex e-con e-child\" data-id=\"b74ca03\" data-element_type=\"container\" data-e-type=\"container\">\n\t\t\t\t<div class=\"elementor-element elementor-element-15ace1b elementor-widget elementor-widget-heading\" data-id=\"15ace1b\" data-element_type=\"widget\" data-e-type=\"widget\" data-widget_type=\"heading.default\">\n\t\t\t\t<div class=\"elementor-widget-container\">\n\t\t\t\t\t<h2 class=\"elementor-heading-title elementor-size-default\">Rinc\u00f3n de los padres<\/h2>\t\t\t\t<\/div>\n\t\t\t\t<\/div>\n\t\t\t\t<\/div>\n\t\t\t\t<div class=\"elementor-element elementor-element-a3ba6ff elementor-widget elementor-widget-image\" data-id=\"a3ba6ff\" data-element_type=\"widget\" data-e-type=\"widget\" data-widget_type=\"image.default\">\n\t\t\t\t<div class=\"elementor-widget-container\">\n\t\t\t\t\t\t\t\t\t\t\t\t\t\t\t\t<a href=\"http:\/\/privonity.com\/es\/blog\/\">\n\t\t\t\t\t\t\t<img fetchpriority=\"high\" decoding=\"async\" width=\"1024\" height=\"689\" src=\"https:\/\/privonity.com\/wp-content\/uploads\/2025\/03\/digital-tablet-kids-parents-and-family-technology-games-download-watch-movies-and-playing-online-1024x689.webp\" class=\"attachment-large size-large wp-image-7578\" alt=\"Digital tablet kids, parents and family technology games, download watch movies and playing online\" srcset=\"https:\/\/privonity.com\/wp-content\/uploads\/2025\/03\/digital-tablet-kids-parents-and-family-technology-games-download-watch-movies-and-playing-online-1024x689.webp 1024w, https:\/\/privonity.com\/wp-content\/uploads\/2025\/03\/digital-tablet-kids-parents-and-family-technology-games-download-watch-movies-and-playing-online-300x202.webp 300w, https:\/\/privonity.com\/wp-content\/uploads\/2025\/03\/digital-tablet-kids-parents-and-family-technology-games-download-watch-movies-and-playing-online-768x517.webp 768w, https:\/\/privonity.com\/wp-content\/uploads\/2025\/03\/digital-tablet-kids-parents-and-family-technology-games-download-watch-movies-and-playing-online-1536x1034.webp 1536w, https:\/\/privonity.com\/wp-content\/uploads\/2025\/03\/digital-tablet-kids-parents-and-family-technology-games-download-watch-movies-and-playing-online-600x404.webp 600w, https:\/\/privonity.com\/wp-content\/uploads\/2025\/03\/digital-tablet-kids-parents-and-family-technology-games-download-watch-movies-and-playing-online.webp 1920w\" sizes=\"(max-width: 1024px) 100vw, 1024px\" \/>\t\t\t\t\t\t\t\t<\/a>\n\t\t\t\t\t\t\t\t\t\t\t\t\t\t\t<\/div>\n\t\t\t\t<\/div>\n\t\t<div class=\"elementor-element elementor-element-319e631 e-con-full e-flex e-con e-child\" data-id=\"319e631\" data-element_type=\"container\" data-e-type=\"container\">\n\t\t\t\t<div class=\"elementor-element elementor-element-f805e64 elementor-widget elementor-widget-text-editor\" data-id=\"f805e64\" data-element_type=\"widget\" data-e-type=\"widget\" data-widget_type=\"text-editor.default\">\n\t\t\t\t<div class=\"elementor-widget-container\">\n\t\t\t\t\t\t\t\t\t<p>Nuestra comunidad en l\u00ednea de padres y educadores dedicada a recursos GRATUITOS.<\/p>\t\t\t\t\t\t\t\t<\/div>\n\t\t\t\t<\/div>\n\t\t\t\t<\/div>\n\t\t\t\t<\/div>\n\t\t<div class=\"elementor-element elementor-element-d787413 e-con-full e-flex e-con e-child\" data-id=\"d787413\" data-element_type=\"container\" data-e-type=\"container\">\n\t\t<div class=\"elementor-element elementor-element-213ae40 e-con-full e-flex e-con e-child\" data-id=\"213ae40\" data-element_type=\"container\" data-e-type=\"container\">\n\t\t\t\t<div class=\"elementor-element elementor-element-6b02ede elementor-widget elementor-widget-heading\" data-id=\"6b02ede\" data-element_type=\"widget\" data-e-type=\"widget\" data-widget_type=\"heading.default\">\n\t\t\t\t<div class=\"elementor-widget-container\">\n\t\t\t\t\t<h2 class=\"elementor-heading-title elementor-size-default\">Cursos en l\u00ednea<\/h2>\t\t\t\t<\/div>\n\t\t\t\t<\/div>\n\t\t\t\t<\/div>\n\t\t\t\t<div class=\"elementor-element elementor-element-e0a9c91 elementor-widget__width-initial elementor-widget elementor-widget-image\" data-id=\"e0a9c91\" data-element_type=\"widget\" data-e-type=\"widget\" data-widget_type=\"image.default\">\n\t\t\t\t<div class=\"elementor-widget-container\">\n\t\t\t\t\t\t\t\t\t\t\t\t\t\t\t\t<a href=\"http:\/\/privonity.com\/es\/courses-list\/\">\n\t\t\t\t\t\t\t<img decoding=\"async\" width=\"1024\" height=\"576\" src=\"https:\/\/privonity.com\/wp-content\/uploads\/2025\/03\/young-adult-asian-mother-and-kid-stay-home-work-and-learning-online-1024x576.webp\" class=\"attachment-large size-large wp-image-7609\" alt=\"Young adult asian mother and kid stay home work and learning online\" srcset=\"https:\/\/privonity.com\/wp-content\/uploads\/2025\/03\/young-adult-asian-mother-and-kid-stay-home-work-and-learning-online-1024x576.webp 1024w, https:\/\/privonity.com\/wp-content\/uploads\/2025\/03\/young-adult-asian-mother-and-kid-stay-home-work-and-learning-online-300x169.webp 300w, https:\/\/privonity.com\/wp-content\/uploads\/2025\/03\/young-adult-asian-mother-and-kid-stay-home-work-and-learning-online-768x432.webp 768w, https:\/\/privonity.com\/wp-content\/uploads\/2025\/03\/young-adult-asian-mother-and-kid-stay-home-work-and-learning-online-1536x864.webp 1536w, https:\/\/privonity.com\/wp-content\/uploads\/2025\/03\/young-adult-asian-mother-and-kid-stay-home-work-and-learning-online-160x90.webp 160w, https:\/\/privonity.com\/wp-content\/uploads\/2025\/03\/young-adult-asian-mother-and-kid-stay-home-work-and-learning-online-600x338.webp 600w, https:\/\/privonity.com\/wp-content\/uploads\/2025\/03\/young-adult-asian-mother-and-kid-stay-home-work-and-learning-online.webp 1920w\" sizes=\"(max-width: 1024px) 100vw, 1024px\" \/>\t\t\t\t\t\t\t\t<\/a>\n\t\t\t\t\t\t\t\t\t\t\t\t\t\t\t<\/div>\n\t\t\t\t<\/div>\n\t\t<div class=\"elementor-element elementor-element-4724736 e-con-full e-flex e-con e-child\" data-id=\"4724736\" data-element_type=\"container\" data-e-type=\"container\">\n\t\t\t\t<div class=\"elementor-element elementor-element-ea50365 elementor-widget elementor-widget-text-editor\" data-id=\"ea50365\" data-element_type=\"widget\" data-e-type=\"widget\" data-widget_type=\"text-editor.default\">\n\t\t\t\t<div class=\"elementor-widget-container\">\n\t\t\t\t\t\t\t\t\t<p>Cursos en l\u00ednea creados por docentes dise\u00f1ados para aumentar la educaci\u00f3n en l\u00ednea y sobre privacidad para estudiantes de primaria y secundaria.\u00a0<\/p>\t\t\t\t\t\t\t\t<\/div>\n\t\t\t\t<\/div>\n\t\t\t\t<\/div>\n\t\t\t\t<\/div>\n\t\t\t\t\t<\/div>\n\t\t\t\t<\/div>\n\t\t\t\t<section class=\"elementor-section elementor-top-section elementor-element elementor-element-30e3934 elementor-section-boxed elementor-section-height-default elementor-section-height-default\" data-id=\"30e3934\" data-element_type=\"section\" data-e-type=\"section\" data-settings=\"{&quot;background_background&quot;:&quot;gradient&quot;}\">\n\t\t\t\t\t\t<div class=\"elementor-container elementor-column-gap-default\">\n\t\t\t\t\t<div class=\"elementor-column elementor-col-25 elementor-top-column elementor-element elementor-element-10eb38e\" data-id=\"10eb38e\" data-element_type=\"column\" data-e-type=\"column\">\n\t\t\t<div class=\"elementor-widget-wrap elementor-element-populated\">\n\t\t\t\t\t\t<div class=\"elementor-element elementor-element-f9f1c1b elementor-widget elementor-widget-counter\" data-id=\"f9f1c1b\" data-element_type=\"widget\" data-e-type=\"widget\" data-widget_type=\"counter.default\">\n\t\t\t\t<div class=\"elementor-widget-container\">\n\t\t\t\t\t\t\t<div class=\"elementor-counter\">\n\t\t\t<div class=\"elementor-counter-title\">Ni\u00f1os de 3 a 18 a\u00f1os con acceso a Internet<\/div>\t\t\t<div class=\"elementor-counter-number-wrapper\">\n\t\t\t\t<span class=\"elementor-counter-number-prefix\"><\/span>\n\t\t\t\t<span class=\"elementor-counter-number\" data-duration=\"2000\" data-to-value=\"95\" data-from-value=\"0\">0<\/span>\n\t\t\t\t<span class=\"elementor-counter-number-suffix\">%<\/span>\n\t\t\t<\/div>\n\t\t<\/div>\n\t\t\t\t\t\t<\/div>\n\t\t\t\t<\/div>\n\t\t\t\t\t<\/div>\n\t\t<\/div>\n\t\t\t\t<div class=\"elementor-column elementor-col-25 elementor-top-column elementor-element elementor-element-5fd55b6\" data-id=\"5fd55b6\" data-element_type=\"column\" data-e-type=\"column\">\n\t\t\t<div class=\"elementor-widget-wrap elementor-element-populated\">\n\t\t\t\t\t\t<div class=\"elementor-element elementor-element-cb2538d elementor-widget elementor-widget-counter\" data-id=\"cb2538d\" data-element_type=\"widget\" data-e-type=\"widget\" data-widget_type=\"counter.default\">\n\t\t\t\t<div class=\"elementor-widget-container\">\n\t\t\t\t\t\t\t<div class=\"elementor-counter\">\n\t\t\t<div class=\"elementor-counter-title\">Ni\u00f1os con cuentas en redes sociales<\/div>\t\t\t<div class=\"elementor-counter-number-wrapper\">\n\t\t\t\t<span class=\"elementor-counter-number-prefix\"><\/span>\n\t\t\t\t<span class=\"elementor-counter-number\" data-duration=\"2500\" data-to-value=\"65\" data-from-value=\"0\" data-delimiter=\",\">0<\/span>\n\t\t\t\t<span class=\"elementor-counter-number-suffix\">%<\/span>\n\t\t\t<\/div>\n\t\t<\/div>\n\t\t\t\t\t\t<\/div>\n\t\t\t\t<\/div>\n\t\t\t\t\t<\/div>\n\t\t<\/div>\n\t\t\t\t<div class=\"elementor-column elementor-col-25 elementor-top-column elementor-element elementor-element-8a52563\" data-id=\"8a52563\" data-element_type=\"column\" data-e-type=\"column\">\n\t\t\t<div class=\"elementor-widget-wrap elementor-element-populated\">\n\t\t\t\t\t\t<div class=\"elementor-element elementor-element-b3f295e elementor-widget elementor-widget-counter\" data-id=\"b3f295e\" data-element_type=\"widget\" data-e-type=\"widget\" data-widget_type=\"counter.default\">\n\t\t\t\t<div class=\"elementor-widget-container\">\n\t\t\t\t\t\t\t<div class=\"elementor-counter\">\n\t\t\t<div class=\"elementor-counter-title\">Alrededor del 70% de ni\u00f1os han compartido informaci\u00f3n personal en l\u00ednea<\/div>\t\t\t<div class=\"elementor-counter-number-wrapper\">\n\t\t\t\t<span class=\"elementor-counter-number-prefix\"><\/span>\n\t\t\t\t<span class=\"elementor-counter-number\" data-duration=\"1000\" data-to-value=\"70\" data-from-value=\"0\" data-delimiter=\",\">0<\/span>\n\t\t\t\t<span class=\"elementor-counter-number-suffix\">%<\/span>\n\t\t\t<\/div>\n\t\t<\/div>\n\t\t\t\t\t\t<\/div>\n\t\t\t\t<\/div>\n\t\t\t\t\t<\/div>\n\t\t<\/div>\n\t\t\t\t<div class=\"elementor-column elementor-col-25 elementor-top-column elementor-element elementor-element-43aca0f\" data-id=\"43aca0f\" data-element_type=\"column\" data-e-type=\"column\">\n\t\t\t<div class=\"elementor-widget-wrap elementor-element-populated\">\n\t\t\t\t\t\t<div class=\"elementor-element elementor-element-9673b6c elementor-widget elementor-widget-counter\" data-id=\"9673b6c\" data-element_type=\"widget\" data-e-type=\"widget\" data-widget_type=\"counter.default\">\n\t\t\t\t<div class=\"elementor-widget-container\">\n\t\t\t\t\t\t\t<div class=\"elementor-counter\">\n\t\t\t<div class=\"elementor-counter-title\">Porcentaje de ni\u00f1os que han encontrado contenido inapropiado en l\u00ednea<\/div>\t\t\t<div class=\"elementor-counter-number-wrapper\">\n\t\t\t\t<span class=\"elementor-counter-number-prefix\"><\/span>\n\t\t\t\t<span class=\"elementor-counter-number\" data-duration=\"1500\" data-to-value=\"40\" data-from-value=\"0\" data-delimiter=\",\">0<\/span>\n\t\t\t\t<span class=\"elementor-counter-number-suffix\">%<\/span>\n\t\t\t<\/div>\n\t\t<\/div>\n\t\t\t\t\t\t<\/div>\n\t\t\t\t<\/div>\n\t\t\t\t\t<\/div>\n\t\t<\/div>\n\t\t\t\t\t<\/div>\n\t\t<\/section>\n\t\t\t\t<section class=\"elementor-section elementor-top-section elementor-element elementor-element-b275ed6 elementor-section-boxed elementor-section-height-default elementor-section-height-default\" data-id=\"b275ed6\" data-element_type=\"section\" data-e-type=\"section\" data-settings=\"{&quot;background_background&quot;:&quot;classic&quot;}\">\n\t\t\t\t\t\t<div class=\"elementor-container elementor-column-gap-default\">\n\t\t\t\t\t<div class=\"elementor-column elementor-col-100 elementor-top-column elementor-element elementor-element-86cbcd4\" data-id=\"86cbcd4\" data-element_type=\"column\" data-e-type=\"column\">\n\t\t\t<div class=\"elementor-widget-wrap elementor-element-populated\">\n\t\t\t\t\t\t<div class=\"elementor-element elementor-element-f651fd8 elementor-widget elementor-widget-heading\" data-id=\"f651fd8\" data-element_type=\"widget\" data-e-type=\"widget\" data-widget_type=\"heading.default\">\n\t\t\t\t<div class=\"elementor-widget-container\">\n\t\t\t\t\t<h2 class=\"elementor-heading-title elementor-size-default\">Los ni\u00f1os aprenden lo que viven. Luego crecen y viven lo que han aprendido.<\/h2>\t\t\t\t<\/div>\n\t\t\t\t<\/div>\n\t\t\t\t<div class=\"elementor-element elementor-element-43f1dc6 elementor-widget elementor-widget-text-editor\" data-id=\"43f1dc6\" data-element_type=\"widget\" data-e-type=\"widget\" data-widget_type=\"text-editor.default\">\n\t\t\t\t<div class=\"elementor-widget-container\">\n\t\t\t\t\t\t\t\t\t<p>\u2013 Dorothy Nolte<\/p>\t\t\t\t\t\t\t\t<\/div>\n\t\t\t\t<\/div>\n\t\t\t\t\t<\/div>\n\t\t<\/div>\n\t\t\t\t\t<\/div>\n\t\t<\/section>\n\t\t\t\t<\/div>","protected":false},"excerpt":{"rendered":"<p>Privonity: Una comunidad dedicada a la educaci\u00f3n sobre privacidad. Rinc\u00f3n de los Padres: Nuestra comunidad en l\u00ednea de padres y educadores dedicada a ofrecer recursos GRATUITOS.<\/p>","protected":false},"author":1,"featured_media":0,"parent":0,"menu_order":0,"comment_status":"closed","ping_status":"closed","template":"","meta":{"_acf_changed":false,"_tutorstarter_page_metadata":[],"footnotes":""},"class_list":["post-7360","page","type-page","status-publish","hentry"],"acf":[],"_links":{"self":[{"href":"https:\/\/privonity.com\/es\/wp-json\/wp\/v2\/pages\/7360","targetHints":{"allow":["GET"]}}],"collection":[{"href":"https:\/\/privonity.com\/es\/wp-json\/wp\/v2\/pages"}],"about":[{"href":"https:\/\/privonity.com\/es\/wp-json\/wp\/v2\/types\/page"}],"author":[{"embeddable":true,"href":"https:\/\/privonity.com\/es\/wp-json\/wp\/v2\/users\/1"}],"replies":[{"embeddable":true,"href":"https:\/\/privonity.com\/es\/wp-json\/wp\/v2\/comments?post=7360"}],"version-history":[{"count":6,"href":"https:\/\/privonity.com\/es\/wp-json\/wp\/v2\/pages\/7360\/revisions"}],"predecessor-version":[{"id":8105,"href":"https:\/\/privonity.com\/es\/wp-json\/wp\/v2\/pages\/7360\/revisions\/8105"}],"wp:attachment":[{"href":"https:\/\/privonity.com\/es\/wp-json\/wp\/v2\/media?parent=7360"}],"curies":[{"name":"wp","href":"https:\/\/api.w.org\/{rel}","templated":true}]}}