{"id":7780,"date":"2025-03-19T21:04:45","date_gmt":"2025-03-20T03:04:45","guid":{"rendered":"https:\/\/privonity.com\/?page_id=7780"},"modified":"2025-03-19T22:16:03","modified_gmt":"2025-03-20T04:16:03","slug":"terms-and-conditions","status":"publish","type":"page","link":"https:\/\/privonity.com\/es\/terms-and-conditions\/","title":{"rendered":"T\u00e9rminos y condiciones"},"content":{"rendered":"<div data-elementor-type=\"wp-page\" data-elementor-id=\"7780\" class=\"elementor elementor-7780\" data-elementor-post-type=\"page\">\n\t\t\t\t\t\t<section class=\"elementor-section elementor-top-section elementor-element elementor-element-12d9e650 elementor-section-boxed elementor-section-height-default elementor-section-height-default\" data-id=\"12d9e650\" data-element_type=\"section\" data-e-type=\"section\" data-settings=\"{&quot;background_background&quot;:&quot;classic&quot;}\">\n\t\t\t\t\t\t<div class=\"elementor-container elementor-column-gap-default\">\n\t\t\t\t\t<div class=\"elementor-column elementor-col-100 elementor-top-column elementor-element elementor-element-2fc9bb92\" data-id=\"2fc9bb92\" data-element_type=\"column\" data-e-type=\"column\">\n\t\t\t<div class=\"elementor-widget-wrap elementor-element-populated\">\n\t\t\t\t\t\t<div class=\"elementor-element elementor-element-c36a7e2 elementor-widget elementor-widget-heading\" data-id=\"c36a7e2\" data-element_type=\"widget\" data-e-type=\"widget\" data-widget_type=\"heading.default\">\n\t\t\t\t<div class=\"elementor-widget-container\">\n\t\t\t\t\t<h2 class=\"elementor-heading-title elementor-size-default\">T\u00e9rminos y condiciones<\/h2>\t\t\t\t<\/div>\n\t\t\t\t<\/div>\n\t\t\t\t\t<\/div>\n\t\t<\/div>\n\t\t\t\t\t<\/div>\n\t\t<\/section>\n\t\t<div class=\"elementor-element elementor-element-3655295 e-flex e-con-boxed e-con e-parent\" data-id=\"3655295\" data-element_type=\"container\" data-e-type=\"container\">\n\t\t\t\t\t<div class=\"e-con-inner\">\n\t\t\t\t<div class=\"elementor-element elementor-element-ad89255 elementor-widget elementor-widget-text-editor\" data-id=\"ad89255\" data-element_type=\"widget\" data-e-type=\"widget\" data-widget_type=\"text-editor.default\">\n\t\t\t\t<div class=\"elementor-widget-container\">\n\t\t\t\t\t\t\t\t\t<p><br \/>\u00daltima actualizaci\u00f3n: 5 de marzo de 2025<\/p><p>Bienvenido a Privonity. Al acceder o utilizar nuestro sitio web y servicios (en adelante, la \u201cPlataforma\u201d), usted acepta cumplir y estar sujeto a estos T\u00e9rminos y Condiciones. L\u00e9alos atentamente antes de utilizar la Plataforma.<\/p><p>1. Informaci\u00f3n general. Privonity se dedica a proporcionar contenido educativo para empresarios, padres y educadores, priorizando la privacidad. Todos los usuarios deben cumplir con estos t\u00e9rminos al utilizar nuestro sitio web, incluyendo el acceso a cursos, recursos y otros materiales.<\/p><p>2. Requisitos de elegibilidad Para usar Privonity, debe tener al menos 18 a\u00f1os y capacidad legal para celebrar contratos. Al usar nuestra plataforma, usted declara y garantiza que cumple con estos requisitos.<\/p><p>3. Registro de cuenta. Es posible que deba crear una cuenta para acceder a ciertas funciones de la plataforma. Usted es responsable de mantener la confidencialidad de la informaci\u00f3n de su cuenta y se compromete a notificarnos de inmediato cualquier uso no autorizado de la misma.<\/p><p>4. Privacidad y uso de datos. Su privacidad es importante para nosotros. Consulte nuestra Pol\u00edtica de privacidad para obtener m\u00e1s informaci\u00f3n sobre c\u00f3mo recopilamos, usamos y protegemos su informaci\u00f3n personal. Al usar la plataforma, usted acepta las pr\u00e1cticas de datos descritas en nuestra Pol\u00edtica de privacidad.<\/p><p>5. Contenido y propiedad intelectual. Todo el contenido educativo ofrecido en Privonity pertenece a sus respectivos creadores o a Privonity. Puede acceder a este contenido y utilizarlo \u00fanicamente para fines personales y no comerciales. Se proh\u00edbe la reproducci\u00f3n, distribuci\u00f3n o modificaci\u00f3n no autorizadas del contenido.<\/p><p>6. Conducta del usuario. Usted se compromete a no:<\/p><p>Violar cualquier ley o reglamento<br \/>Utilizar la plataforma con fines il\u00edcitos<br \/>Acosar o perjudicar a otros usuarios<br \/>Intento de interferir con la seguridad de la Plataforma.<\/p><p>7. Tarifas y pagos. Algunos servicios de Privonity pueden requerir pago. Usted acepta pagar todas las tarifas aplicables asociadas con los servicios que elija utilizar y comprende que dichas tarifas est\u00e1n sujetas a cambios.<\/p><p>8. Limitaci\u00f3n de responsabilidad. Privonity no se responsabiliza de los da\u00f1os indirectos, incidentales o consecuentes que puedan derivarse del uso de la Plataforma. Nuestra responsabilidad se limita al m\u00e1ximo permitido por la ley.<\/p><p>9. Resoluci\u00f3n de disputas. Cualquier disputa relacionada con estos T\u00e9rminos se resolver\u00e1 mediante arbitraje vinculante, en lugar de ante un tribunal. Usted acepta renunciar a cualquier derecho a presentar demandas colectivas.<\/p><p>10. Rescisi\u00f3n. Nos reservamos el derecho de suspender o cancelar su acceso a la Plataforma si usted infringe estas Condiciones. Tras la rescisi\u00f3n, deber\u00e1 cesar todo uso de nuestro contenido y servicios.<\/p><p>11. Modificaciones. Nos reservamos el derecho de actualizar o modificar estas Condiciones en cualquier momento. Cualquier cambio se publicar\u00e1 en esta p\u00e1gina y las Condiciones actualizadas entrar\u00e1n en vigor inmediatamente despu\u00e9s de su publicaci\u00f3n.<\/p><p>12. Informaci\u00f3n de contacto Para cualquier pregunta o inquietud sobre estos T\u00e9rminos, env\u00edenos un correo electr\u00f3nico a contactus@privonity.com<\/p>\t\t\t\t\t\t\t\t<\/div>\n\t\t\t\t<\/div>\n\t\t\t\t\t<\/div>\n\t\t\t\t<\/div>\n\t\t<div class=\"elementor-element elementor-element-4ac1b3f2 e-flex e-con-boxed e-con e-parent\" data-id=\"4ac1b3f2\" data-element_type=\"container\" data-e-type=\"container\">\n\t\t\t\t\t<div class=\"e-con-inner\">\n\t\t\t\t\t<\/div>\n\t\t\t\t<\/div>\n\t\t\t\t<\/div>","protected":false},"excerpt":{"rendered":"<p>T\u00e9rminos y condiciones. \u00daltima actualizaci\u00f3n: 5 de marzo de 2025. Bienvenido a Privonity. Al acceder o utilizar nuestro sitio web y servicios (en conjunto,<\/p>","protected":false},"author":1,"featured_media":0,"parent":0,"menu_order":0,"comment_status":"closed","ping_status":"closed","template":"","meta":{"_acf_changed":false,"_tutorstarter_page_metadata":[],"footnotes":""},"class_list":["post-7780","page","type-page","status-publish","hentry"],"acf":[],"_links":{"self":[{"href":"https:\/\/privonity.com\/es\/wp-json\/wp\/v2\/pages\/7780","targetHints":{"allow":["GET"]}}],"collection":[{"href":"https:\/\/privonity.com\/es\/wp-json\/wp\/v2\/pages"}],"about":[{"href":"https:\/\/privonity.com\/es\/wp-json\/wp\/v2\/types\/page"}],"author":[{"embeddable":true,"href":"https:\/\/privonity.com\/es\/wp-json\/wp\/v2\/users\/1"}],"replies":[{"embeddable":true,"href":"https:\/\/privonity.com\/es\/wp-json\/wp\/v2\/comments?post=7780"}],"version-history":[{"count":0,"href":"https:\/\/privonity.com\/es\/wp-json\/wp\/v2\/pages\/7780\/revisions"}],"wp:attachment":[{"href":"https:\/\/privonity.com\/es\/wp-json\/wp\/v2\/media?parent=7780"}],"curies":[{"name":"wp","href":"https:\/\/api.w.org\/{rel}","templated":true}]}}