{"id":8012,"date":"2025-05-21T19:26:48","date_gmt":"2025-05-22T01:26:48","guid":{"rendered":"https:\/\/privonity.com\/?page_id=8012"},"modified":"2026-02-03T21:27:26","modified_gmt":"2026-02-04T04:27:26","slug":"elementor-8012","status":"publish","type":"page","link":"https:\/\/privonity.com\/es\/elementor-8012\/","title":{"rendered":"Resources &#8211; Main"},"content":{"rendered":"<div data-elementor-type=\"wp-page\" data-elementor-id=\"8012\" class=\"elementor elementor-8012\" data-elementor-post-type=\"page\">\n\t\t\t\t\t\t<section class=\"elementor-section elementor-top-section elementor-element elementor-element-3621046d elementor-section-boxed elementor-section-height-default elementor-section-height-default\" data-id=\"3621046d\" data-element_type=\"section\" data-e-type=\"section\" data-settings=\"{&quot;background_background&quot;:&quot;classic&quot;}\">\n\t\t\t\t\t\t<div class=\"elementor-container elementor-column-gap-default\">\n\t\t\t\t\t<div class=\"elementor-column elementor-col-100 elementor-top-column elementor-element elementor-element-32d4ae5c\" data-id=\"32d4ae5c\" data-element_type=\"column\" data-e-type=\"column\">\n\t\t\t<div class=\"elementor-widget-wrap elementor-element-populated\">\n\t\t\t\t\t\t<div class=\"elementor-element elementor-element-39520a28 elementor-widget elementor-widget-heading\" data-id=\"39520a28\" data-element_type=\"widget\" data-e-type=\"widget\" data-widget_type=\"heading.default\">\n\t\t\t\t<div class=\"elementor-widget-container\">\n\t\t\t\t\t<h2 class=\"elementor-heading-title elementor-size-default\">Recursos y tarjetas inteligentes<\/h2>\t\t\t\t<\/div>\n\t\t\t\t<\/div>\n\t\t\t\t\t<\/div>\n\t\t<\/div>\n\t\t\t\t\t<\/div>\n\t\t<\/section>\n\t\t<div class=\"elementor-element elementor-element-c9a0242 e-flex e-con-boxed e-con e-parent\" data-id=\"c9a0242\" data-element_type=\"container\" data-e-type=\"container\">\n\t\t\t\t\t<div class=\"e-con-inner\">\n\t\t\t\t<div class=\"elementor-element elementor-element-88eabe0 elementor-widget elementor-widget-text-editor\" data-id=\"88eabe0\" data-element_type=\"widget\" data-e-type=\"widget\" data-widget_type=\"text-editor.default\">\n\t\t\t\t<div class=\"elementor-widget-container\">\n\t\t\t\t\t\t\t\t\t<p>Recursos<\/p>\t\t\t\t\t\t\t\t<\/div>\n\t\t\t\t<\/div>\n\t\t\t\t\t<\/div>\n\t\t\t\t<\/div>\n\t\t<div class=\"elementor-element elementor-element-7b20ab8 e-flex e-con-boxed e-con e-parent\" data-id=\"7b20ab8\" data-element_type=\"container\" data-e-type=\"container\">\n\t\t\t\t\t<div class=\"e-con-inner\">\n\t\t<div class=\"elementor-element elementor-element-dcf590f e-con-full e-flex e-con e-child\" data-id=\"dcf590f\" data-element_type=\"container\" data-e-type=\"container\">\n\t\t\t\t<div class=\"elementor-element elementor-element-cd6c85b elementor-widget elementor-widget-image\" data-id=\"cd6c85b\" data-element_type=\"widget\" data-e-type=\"widget\" data-widget_type=\"image.default\">\n\t\t\t\t<div class=\"elementor-widget-container\">\n\t\t\t\t\t\t\t\t\t\t\t\t\t\t\t\t<a href=\"https:\/\/kidshealth.org\/en\/parents\/net-safety.html\">\n\t\t\t\t\t\t\t<img fetchpriority=\"high\" decoding=\"async\" width=\"1024\" height=\"682\" src=\"https:\/\/privonity.com\/wp-content\/uploads\/2025\/05\/girl-and-her-parents-studying-painting-in-kitchen-1024x682.jpg\" class=\"attachment-large size-large wp-image-8014\" alt=\"Girl and her parents studying painting in kitchen\" srcset=\"https:\/\/privonity.com\/wp-content\/uploads\/2025\/05\/girl-and-her-parents-studying-painting-in-kitchen-1024x682.jpg 1024w, https:\/\/privonity.com\/wp-content\/uploads\/2025\/05\/girl-and-her-parents-studying-painting-in-kitchen-300x200.jpg 300w, https:\/\/privonity.com\/wp-content\/uploads\/2025\/05\/girl-and-her-parents-studying-painting-in-kitchen-768x512.jpg 768w, https:\/\/privonity.com\/wp-content\/uploads\/2025\/05\/girl-and-her-parents-studying-painting-in-kitchen-1536x1024.jpg 1536w, https:\/\/privonity.com\/wp-content\/uploads\/2025\/05\/girl-and-her-parents-studying-painting-in-kitchen-600x400.jpg 600w, https:\/\/privonity.com\/wp-content\/uploads\/2025\/05\/girl-and-her-parents-studying-painting-in-kitchen.jpg 2000w\" sizes=\"(max-width: 1024px) 100vw, 1024px\" \/>\t\t\t\t\t\t\t\t<\/a>\n\t\t\t\t\t\t\t\t\t\t\t\t\t\t\t<\/div>\n\t\t\t\t<\/div>\n\t\t\t\t<\/div>\n\t\t<div class=\"elementor-element elementor-element-7c1b75b e-con-full e-flex e-con e-child\" data-id=\"7c1b75b\" data-element_type=\"container\" data-e-type=\"container\">\n\t\t\t\t<div class=\"elementor-element elementor-element-f304bc1 elementor-widget elementor-widget-text-editor\" data-id=\"f304bc1\" data-element_type=\"widget\" data-e-type=\"widget\" data-widget_type=\"text-editor.default\">\n\t\t\t\t<div class=\"elementor-widget-container\">\n\t\t\t\t\t\t\t\t\t<p><a href=\"https:\/\/kidshealth.org\/en\/parents\/net-safety.html\">Consejos esenciales de seguridad en Internet para padres<\/a><\/p>\t\t\t\t\t\t\t\t<\/div>\n\t\t\t\t<\/div>\n\t\t\t\t<div class=\"elementor-element elementor-element-76c2cbb elementor-widget elementor-widget-text-editor\" data-id=\"76c2cbb\" data-element_type=\"widget\" data-e-type=\"widget\" data-widget_type=\"text-editor.default\">\n\t\t\t\t<div class=\"elementor-widget-container\">\n\t\t\t\t\t\t\t\t\t<p><a href=\"https:\/\/kidshealth.org\/en\/parents\/net-safety.html\">Aprenda a mantener a sus hijos seguros en l\u00ednea con esta \u00fatil gu\u00eda de KidsHealth<\/a><\/p>\t\t\t\t\t\t\t\t<\/div>\n\t\t\t\t<\/div>\n\t\t\t\t<\/div>\n\t\t\t\t\t<\/div>\n\t\t\t\t<\/div>\n\t\t<div class=\"elementor-element elementor-element-b834804 e-con-full e-flex e-con e-parent\" data-id=\"b834804\" data-element_type=\"container\" data-e-type=\"container\">\n\t\t<div class=\"elementor-element elementor-element-5dc164e e-con-full e-flex e-con e-child\" data-id=\"5dc164e\" data-element_type=\"container\" data-e-type=\"container\">\n\t\t\t\t<div class=\"elementor-element elementor-element-2832402 elementor-widget elementor-widget-image\" data-id=\"2832402\" data-element_type=\"widget\" data-e-type=\"widget\" data-widget_type=\"image.default\">\n\t\t\t\t<div class=\"elementor-widget-container\">\n\t\t\t\t\t\t\t\t\t\t\t\t\t\t\t\t<a href=\"https:\/\/www.ftc.gov\/business-guidance\/resources\/childrens-online-privacy-protection-rule-six-step-compliance-plan-your-business#step4\">\n\t\t\t\t\t\t\t<img decoding=\"async\" width=\"1024\" height=\"682\" src=\"https:\/\/privonity.com\/wp-content\/uploads\/2025\/05\/lock-with-the-word-privacy--1024x682.jpg\" class=\"attachment-large size-large wp-image-8015\" alt=\"lock with the word privacy.\" srcset=\"https:\/\/privonity.com\/wp-content\/uploads\/2025\/05\/lock-with-the-word-privacy--1024x682.jpg 1024w, https:\/\/privonity.com\/wp-content\/uploads\/2025\/05\/lock-with-the-word-privacy--300x200.jpg 300w, https:\/\/privonity.com\/wp-content\/uploads\/2025\/05\/lock-with-the-word-privacy--768x512.jpg 768w, https:\/\/privonity.com\/wp-content\/uploads\/2025\/05\/lock-with-the-word-privacy--1536x1024.jpg 1536w, https:\/\/privonity.com\/wp-content\/uploads\/2025\/05\/lock-with-the-word-privacy--600x400.jpg 600w, https:\/\/privonity.com\/wp-content\/uploads\/2025\/05\/lock-with-the-word-privacy-.jpg 2000w\" sizes=\"(max-width: 1024px) 100vw, 1024px\" \/>\t\t\t\t\t\t\t\t<\/a>\n\t\t\t\t\t\t\t\t\t\t\t\t\t\t\t<\/div>\n\t\t\t\t<\/div>\n\t\t\t\t<\/div>\n\t\t<div class=\"elementor-element elementor-element-96ba63c e-con-full e-flex e-con e-child\" data-id=\"96ba63c\" data-element_type=\"container\" data-e-type=\"container\">\n\t\t\t\t<div class=\"elementor-element elementor-element-2e2c1d2 elementor-widget elementor-widget-text-editor\" data-id=\"2e2c1d2\" data-element_type=\"widget\" data-e-type=\"widget\" data-widget_type=\"text-editor.default\">\n\t\t\t\t<div class=\"elementor-widget-container\">\n\t\t\t\t\t\t\t\t\t<p><a href=\"https:\/\/www.ftc.gov\/business-guidance\/resources\/childrens-online-privacy-protection-rule-six-step-compliance-plan-your-business#step4\">Protecci\u00f3n de la privacidad infantil en l\u00ednea<\/a><\/p>\t\t\t\t\t\t\t\t<\/div>\n\t\t\t\t<\/div>\n\t\t\t\t<div class=\"elementor-element elementor-element-feed548 elementor-widget elementor-widget-text-editor\" data-id=\"feed548\" data-element_type=\"widget\" data-e-type=\"widget\" data-widget_type=\"text-editor.default\">\n\t\t\t\t<div class=\"elementor-widget-container\">\n\t\t\t\t\t\t\t\t\t<p><a href=\"https:\/\/www.ftc.gov\/business-guidance\/resources\/childrens-online-privacy-protection-rule-six-step-compliance-plan-your-business#step4\">Este <strong data-start=\"5\" data-end=\"29\">Gu\u00eda de cumplimiento de la FTC<\/strong> describe seis pasos esenciales que las empresas deben seguir <strong data-start=\"90\" data-end=\"99\">COPPA<\/strong>. Pasos <strong data-start=\"107\" data-end=\"118\">4 y 5<\/strong> Son especialmente cruciales para los padres, ya que explican c\u00f3mo las empresas recopilan, usan y protegen la informaci\u00f3n personal de los ni\u00f1os en l\u00ednea.<\/a><\/p>\t\t\t\t\t\t\t\t<\/div>\n\t\t\t\t<\/div>\n\t\t\t\t<\/div>\n\t\t\t\t<\/div>\n\t\t<div class=\"elementor-element elementor-element-9da4507 e-flex e-con-boxed e-con e-parent\" data-id=\"9da4507\" data-element_type=\"container\" data-e-type=\"container\">\n\t\t\t\t\t<div class=\"e-con-inner\">\n\t\t\t\t<div class=\"elementor-element elementor-element-0b86dc7 elementor-widget__width-initial elementor-widget elementor-widget-text-editor\" data-id=\"0b86dc7\" data-element_type=\"widget\" data-e-type=\"widget\" data-widget_type=\"text-editor.default\">\n\t\t\t\t<div class=\"elementor-widget-container\">\n\t\t\t\t\t\t\t\t\t<p>Tarjetas inteligentes\u00a0<\/p>\t\t\t\t\t\t\t\t<\/div>\n\t\t\t\t<\/div>\n\t\t\t\t\t<\/div>\n\t\t\t\t<\/div>\n\t\t<div class=\"elementor-element elementor-element-d8fcde2 e-con-full e-flex e-con e-parent\" data-id=\"d8fcde2\" data-element_type=\"container\" data-e-type=\"container\">\n\t\t<div class=\"elementor-element elementor-element-64680b1 e-con-full e-flex e-con e-child\" data-id=\"64680b1\" data-element_type=\"container\" data-e-type=\"container\">\n\t\t\t\t<div class=\"elementor-element elementor-element-9e83ff9 elementor-widget elementor-widget-image\" data-id=\"9e83ff9\" data-element_type=\"widget\" data-e-type=\"widget\" data-widget_type=\"image.default\">\n\t\t\t\t<div class=\"elementor-widget-container\">\n\t\t\t\t\t\t\t\t\t\t\t\t\t\t\t\t<a href=\"https:\/\/privonity.com\/es\/smart-card-what-is-privacy\/\">\n\t\t\t\t\t\t\t<img decoding=\"async\" width=\"1024\" height=\"704\" src=\"https:\/\/privonity.com\/wp-content\/uploads\/2025\/09\/dont-tell-anyone-what-im-listening-to-2025-04-06-11-26-11-utc-1024x704.jpg\" class=\"attachment-large size-large wp-image-8066\" alt=\"\" srcset=\"https:\/\/privonity.com\/wp-content\/uploads\/2025\/09\/dont-tell-anyone-what-im-listening-to-2025-04-06-11-26-11-utc-1024x704.jpg 1024w, https:\/\/privonity.com\/wp-content\/uploads\/2025\/09\/dont-tell-anyone-what-im-listening-to-2025-04-06-11-26-11-utc-300x206.jpg 300w, https:\/\/privonity.com\/wp-content\/uploads\/2025\/09\/dont-tell-anyone-what-im-listening-to-2025-04-06-11-26-11-utc-768x528.jpg 768w, https:\/\/privonity.com\/wp-content\/uploads\/2025\/09\/dont-tell-anyone-what-im-listening-to-2025-04-06-11-26-11-utc-1536x1056.jpg 1536w, https:\/\/privonity.com\/wp-content\/uploads\/2025\/09\/dont-tell-anyone-what-im-listening-to-2025-04-06-11-26-11-utc-2048x1408.jpg 2048w, https:\/\/privonity.com\/wp-content\/uploads\/2025\/09\/dont-tell-anyone-what-im-listening-to-2025-04-06-11-26-11-utc-600x413.jpg 600w\" sizes=\"(max-width: 1024px) 100vw, 1024px\" \/>\t\t\t\t\t\t\t\t<\/a>\n\t\t\t\t\t\t\t\t\t\t\t\t\t\t\t<\/div>\n\t\t\t\t<\/div>\n\t\t\t\t<\/div>\n\t\t<div class=\"elementor-element elementor-element-dd97144 e-con-full e-flex e-con e-child\" data-id=\"dd97144\" data-element_type=\"container\" data-e-type=\"container\">\n\t\t\t\t<div class=\"elementor-element elementor-element-5e46543 elementor-widget elementor-widget-text-editor\" data-id=\"5e46543\" data-element_type=\"widget\" data-e-type=\"widget\" data-widget_type=\"text-editor.default\">\n\t\t\t\t<div class=\"elementor-widget-container\">\n\t\t\t\t\t\t\t\t\t<p>\u00bfQu\u00e9 es la privacidad?<\/p>\t\t\t\t\t\t\t\t<\/div>\n\t\t\t\t<\/div>\n\t\t\t\t<div class=\"elementor-element elementor-element-8fc26a1 elementor-widget elementor-widget-text-editor\" data-id=\"8fc26a1\" data-element_type=\"widget\" data-e-type=\"widget\" data-widget_type=\"text-editor.default\">\n\t\t\t\t<div class=\"elementor-widget-container\">\n\t\t\t\t\t\t\t\t\t<p>\ud83d\udc49 <a href=\"https:\/\/privonity.com\/es\/smart-card-what-is-privacy\/\" data-wplink-edit=\"true\">Protegiendo su informaci\u00f3n personal en l\u00ednea.<\/a><\/p>\t\t\t\t\t\t\t\t<\/div>\n\t\t\t\t<\/div>\n\t\t\t\t<\/div>\n\t\t\t\t<\/div>\n\t\t<div class=\"elementor-element elementor-element-e321f5b e-con-full e-flex e-con e-parent\" data-id=\"e321f5b\" data-element_type=\"container\" data-e-type=\"container\">\n\t\t<div class=\"elementor-element elementor-element-9c9962f e-con-full e-flex e-con e-child\" data-id=\"9c9962f\" data-element_type=\"container\" data-e-type=\"container\">\n\t\t\t\t<div class=\"elementor-element elementor-element-df412ea elementor-widget elementor-widget-image\" data-id=\"df412ea\" data-element_type=\"widget\" data-e-type=\"widget\" data-widget_type=\"image.default\">\n\t\t\t\t<div class=\"elementor-widget-container\">\n\t\t\t\t\t\t\t\t\t\t\t\t\t\t\t\t<a href=\"https:\/\/privonity.com\/es\/smart-cards-stop-cyber-bullying\/\">\n\t\t\t\t\t\t\t<img loading=\"lazy\" decoding=\"async\" width=\"891\" height=\"658\" src=\"https:\/\/privonity.com\/wp-content\/uploads\/2025\/09\/Stop-Bulliying-Illustration.png\" class=\"attachment-large size-large wp-image-8065\" alt=\"\" srcset=\"https:\/\/privonity.com\/wp-content\/uploads\/2025\/09\/Stop-Bulliying-Illustration.png 891w, https:\/\/privonity.com\/wp-content\/uploads\/2025\/09\/Stop-Bulliying-Illustration-300x222.png 300w, https:\/\/privonity.com\/wp-content\/uploads\/2025\/09\/Stop-Bulliying-Illustration-768x567.png 768w, https:\/\/privonity.com\/wp-content\/uploads\/2025\/09\/Stop-Bulliying-Illustration-600x443.png 600w\" sizes=\"(max-width: 891px) 100vw, 891px\" \/>\t\t\t\t\t\t\t\t<\/a>\n\t\t\t\t\t\t\t\t\t\t\t\t\t\t\t<\/div>\n\t\t\t\t<\/div>\n\t\t\t\t<\/div>\n\t\t<div class=\"elementor-element elementor-element-94bb9be e-con-full e-flex e-con e-child\" data-id=\"94bb9be\" data-element_type=\"container\" data-e-type=\"container\">\n\t\t\t\t<div class=\"elementor-element elementor-element-6c28bc5 elementor-widget elementor-widget-text-editor\" data-id=\"6c28bc5\" data-element_type=\"widget\" data-e-type=\"widget\" data-widget_type=\"text-editor.default\">\n\t\t\t\t<div class=\"elementor-widget-container\">\n\t\t\t\t\t\t\t\t\t<p><a href=\"https:\/\/privonity.com\/es\/smart-cards-stop-cyber-bullying\/\">DETENER el acoso cibern\u00e9tico<\/a><\/p>\t\t\t\t\t\t\t\t<\/div>\n\t\t\t\t<\/div>\n\t\t\t\t<div class=\"elementor-element elementor-element-99a584c elementor-widget elementor-widget-text-editor\" data-id=\"99a584c\" data-element_type=\"widget\" data-e-type=\"widget\" data-widget_type=\"text-editor.default\">\n\t\t\t\t<div class=\"elementor-widget-container\">\n\t\t\t\t\t\t\t\t\t<p><a href=\"https:\/\/privonity.com\/es\/smart-cards-stop-cyber-bullying\/\">El acoso no s\u00f3lo ocurre en persona: tambi\u00e9n puede ocurrir en l\u00ednea.<\/a><br data-start=\"330\" data-end=\"333\" \/>\ud83d\udc49Aprenda c\u00f3mo proteger a los ni\u00f1os, tomar medidas y apoyarlos.<\/p>\t\t\t\t\t\t\t\t<\/div>\n\t\t\t\t<\/div>\n\t\t\t\t<\/div>\n\t\t\t\t<\/div>\n\t\t<div class=\"elementor-element elementor-element-925a5d8 e-con-full e-flex e-con e-parent\" data-id=\"925a5d8\" data-element_type=\"container\" data-e-type=\"container\">\n\t\t<div class=\"elementor-element elementor-element-f74533e e-con-full e-flex e-con e-child\" data-id=\"f74533e\" data-element_type=\"container\" data-e-type=\"container\">\n\t\t\t\t<div class=\"elementor-element elementor-element-72abaf9 elementor-widget elementor-widget-image\" data-id=\"72abaf9\" data-element_type=\"widget\" data-e-type=\"widget\" data-widget_type=\"image.default\">\n\t\t\t\t<div class=\"elementor-widget-container\">\n\t\t\t\t\t\t\t\t\t\t\t\t\t\t\t\t<a href=\"https:\/\/privonity.com\/es\/8075-2\/\">\n\t\t\t\t\t\t\t<img loading=\"lazy\" decoding=\"async\" width=\"1024\" height=\"683\" src=\"https:\/\/privonity.com\/wp-content\/uploads\/2025\/09\/envato-labs-image-edit-3-1024x683.png\" class=\"attachment-large size-large wp-image-8064\" alt=\"\" srcset=\"https:\/\/privonity.com\/wp-content\/uploads\/2025\/09\/envato-labs-image-edit-3-1024x683.png 1024w, https:\/\/privonity.com\/wp-content\/uploads\/2025\/09\/envato-labs-image-edit-3-300x200.png 300w, https:\/\/privonity.com\/wp-content\/uploads\/2025\/09\/envato-labs-image-edit-3-768x512.png 768w, https:\/\/privonity.com\/wp-content\/uploads\/2025\/09\/envato-labs-image-edit-3-1536x1024.png 1536w, https:\/\/privonity.com\/wp-content\/uploads\/2025\/09\/envato-labs-image-edit-3-2048x1365.png 2048w, https:\/\/privonity.com\/wp-content\/uploads\/2025\/09\/envato-labs-image-edit-3-600x400.png 600w\" sizes=\"(max-width: 1024px) 100vw, 1024px\" \/>\t\t\t\t\t\t\t\t<\/a>\n\t\t\t\t\t\t\t\t\t\t\t\t\t\t\t<\/div>\n\t\t\t\t<\/div>\n\t\t\t\t<\/div>\n\t\t<div class=\"elementor-element elementor-element-1753b1a e-con-full e-flex e-con e-child\" data-id=\"1753b1a\" data-element_type=\"container\" data-e-type=\"container\">\n\t\t\t\t<div class=\"elementor-element elementor-element-c1ee99c elementor-widget elementor-widget-text-editor\" data-id=\"c1ee99c\" data-element_type=\"widget\" data-e-type=\"widget\" data-widget_type=\"text-editor.default\">\n\t\t\t\t<div class=\"elementor-widget-container\">\n\t\t\t\t\t\t\t\t\t<p><a href=\"https:\/\/privonity.com\/es\/8075-2\/\">Protecci\u00f3n de la privacidad m\u00f3vil<\/a><\/p>\t\t\t\t\t\t\t\t<\/div>\n\t\t\t\t<\/div>\n\t\t\t\t<div class=\"elementor-element elementor-element-aa908af elementor-widget elementor-widget-text-editor\" data-id=\"aa908af\" data-element_type=\"widget\" data-e-type=\"widget\" data-widget_type=\"text-editor.default\">\n\t\t\t\t<div class=\"elementor-widget-container\">\n\t\t\t\t\t\t\t\t\t<p><a href=\"https:\/\/privonity.com\/es\/8075-2\/\">Tu tel\u00e9fono contiene tu vida digital: aprende pasos inteligentes para mantenerla segura.<\/a><br data-start=\"320\" data-end=\"323\" \/>\ud83d\udc49Haz clic para ver h\u00e1bitos sencillos que protegen tu privacidad.<\/p>\t\t\t\t\t\t\t\t<\/div>\n\t\t\t\t<\/div>\n\t\t\t\t<\/div>\n\t\t\t\t<\/div>\n\t\t<div class=\"elementor-element elementor-element-eba2771 e-con-full e-flex e-con e-parent\" data-id=\"eba2771\" data-element_type=\"container\" data-e-type=\"container\">\n\t\t<div class=\"elementor-element elementor-element-8004a43 e-con-full e-flex e-con e-child\" data-id=\"8004a43\" data-element_type=\"container\" data-e-type=\"container\">\n\t\t\t\t<div class=\"elementor-element elementor-element-86e49ae elementor-widget elementor-widget-image\" data-id=\"86e49ae\" data-element_type=\"widget\" data-e-type=\"widget\" data-widget_type=\"image.default\">\n\t\t\t\t<div class=\"elementor-widget-container\">\n\t\t\t\t\t\t\t\t\t\t\t\t\t\t\t\t<a href=\"https:\/\/www.protectyoungeyes.com\/apps\/bereal-app-review?\" target=\"_blank\">\n\t\t\t\t\t\t\t<img loading=\"lazy\" decoding=\"async\" width=\"826\" height=\"848\" src=\"https:\/\/privonity.com\/wp-content\/uploads\/2025\/11\/Screenshot-2025-11-21-at-9.17.39-AM.png\" class=\"attachment-large size-large wp-image-8125\" alt=\"\" srcset=\"https:\/\/privonity.com\/wp-content\/uploads\/2025\/11\/Screenshot-2025-11-21-at-9.17.39-AM.png 826w, https:\/\/privonity.com\/wp-content\/uploads\/2025\/11\/Screenshot-2025-11-21-at-9.17.39-AM-292x300.png 292w, https:\/\/privonity.com\/wp-content\/uploads\/2025\/11\/Screenshot-2025-11-21-at-9.17.39-AM-768x788.png 768w, https:\/\/privonity.com\/wp-content\/uploads\/2025\/11\/Screenshot-2025-11-21-at-9.17.39-AM-12x12.png 12w, https:\/\/privonity.com\/wp-content\/uploads\/2025\/11\/Screenshot-2025-11-21-at-9.17.39-AM-600x616.png 600w\" sizes=\"(max-width: 826px) 100vw, 826px\" \/>\t\t\t\t\t\t\t\t<\/a>\n\t\t\t\t\t\t\t\t\t\t\t\t\t\t\t<\/div>\n\t\t\t\t<\/div>\n\t\t\t\t<\/div>\n\t\t<div class=\"elementor-element elementor-element-0787d40 e-con-full e-flex e-con e-child\" data-id=\"0787d40\" data-element_type=\"container\" data-e-type=\"container\">\n\t\t\t\t<div class=\"elementor-element elementor-element-0902051 elementor-widget elementor-widget-text-editor\" data-id=\"0902051\" data-element_type=\"widget\" data-e-type=\"widget\" data-widget_type=\"text-editor.default\">\n\t\t\t\t<div class=\"elementor-widget-container\">\n\t\t\t\t\t\t\t\t\t<p>Aplicaci\u00f3n m\u00f3vil BeReal<\/p>\t\t\t\t\t\t\t\t<\/div>\n\t\t\t\t<\/div>\n\t\t\t\t<div class=\"elementor-element elementor-element-45b9209 elementor-widget elementor-widget-text-editor\" data-id=\"45b9209\" data-element_type=\"widget\" data-e-type=\"widget\" data-widget_type=\"text-editor.default\">\n\t\t\t\t<div class=\"elementor-widget-container\">\n\t\t\t\t\t\t\t\t\t<p><a href=\"https:\/\/www.protectyoungeyes.com\/apps\/bereal-app-review?\">Las fotos \u201cen tiempo real\u201d de BeReal pueden revelar accidentalmente detalles personales sobre la vida de su hijo.<\/a><\/p><p><br data-start=\"481\" data-end=\"484\" \/>\ud83d\udc49 <em data-start=\"487\" data-end=\"558\">Haga clic para leer una rese\u00f1a confiable sobre seguridad para padres de Protect Young Eyes.<\/em><\/p>\t\t\t\t\t\t\t\t<\/div>\n\t\t\t\t<\/div>\n\t\t\t\t<\/div>\n\t\t\t\t<\/div>\n\t\t\t\t<\/div>","protected":false},"excerpt":{"rendered":"<p>Resources &amp; Smart Cards Resources Essential Internet Safety Tips for Parents Learn how to keep your kids safe online with<\/p>","protected":false},"author":1,"featured_media":0,"parent":0,"menu_order":0,"comment_status":"closed","ping_status":"closed","template":"","meta":{"_acf_changed":false,"_tutorstarter_page_metadata":[],"footnotes":""},"class_list":["post-8012","page","type-page","status-publish","hentry"],"acf":[],"_links":{"self":[{"href":"https:\/\/privonity.com\/es\/wp-json\/wp\/v2\/pages\/8012","targetHints":{"allow":["GET"]}}],"collection":[{"href":"https:\/\/privonity.com\/es\/wp-json\/wp\/v2\/pages"}],"about":[{"href":"https:\/\/privonity.com\/es\/wp-json\/wp\/v2\/types\/page"}],"author":[{"embeddable":true,"href":"https:\/\/privonity.com\/es\/wp-json\/wp\/v2\/users\/1"}],"replies":[{"embeddable":true,"href":"https:\/\/privonity.com\/es\/wp-json\/wp\/v2\/comments?post=8012"}],"version-history":[{"count":27,"href":"https:\/\/privonity.com\/es\/wp-json\/wp\/v2\/pages\/8012\/revisions"}],"predecessor-version":[{"id":8152,"href":"https:\/\/privonity.com\/es\/wp-json\/wp\/v2\/pages\/8012\/revisions\/8152"}],"wp:attachment":[{"href":"https:\/\/privonity.com\/es\/wp-json\/wp\/v2\/media?parent=8012"}],"curies":[{"name":"wp","href":"https:\/\/api.w.org\/{rel}","templated":true}]}}